{"id":189,"date":"2022-12-08T15:38:18","date_gmt":"2022-12-08T15:38:18","guid":{"rendered":"https:\/\/yvesportal.fr\/?page_id=189"},"modified":"2025-06-03T14:33:00","modified_gmt":"2025-06-03T14:33:00","slug":"certification-mase","status":"publish","type":"page","link":"https:\/\/www.yves-portal.fr\/index.php\/certification-mase\/","title":{"rendered":"Certification MASE"},"content":{"rendered":"\n<p>Nous nous sommes engag\u00e9s dans le r\u00e9f\u00e9rentiel MASE (Manuel d\u2019Am\u00e9lioration S\u00e9curit\u00e9 Entreprises) depuis 2016 afin de renforcer nos d\u00e9marches d\u00e9j\u00e0 en place en mati\u00e8re d\u2019Hygi\u00e8ne, de Sant\u00e9, de S\u00e9curit\u00e9 et d\u2019Environnement (HSSE)<\/p>\n\n\n\n<p>Cette certification est pour nous l\u2019occasion de valoriser les bonnes pratiques que nous mettons tous les jours en \u0153uvre sur nos chantiers.<\/p>\n\n\n\n<p>Des objectifs sont d\u00e9finis par la direction (suite par exemple au audits terrain, remont\u00e9es diverses\u2026) Ils sont tous inscrits au plan d\u2019action pour un meilleur suivi. L\u2019atteinte des objectifs et l\u2019efficacit\u00e9 du plan d\u2019action sont analys\u00e9s lors des Comit\u00e9 de Pilotage (COPIL) trimestriels et de la Revue de Direction annuelle qui permet de faire le bilan de l\u2019ann\u00e9e \u00e9coul\u00e9e et d\u2019annoncer les grands objectifs de l\u2019ann\u00e9e \u00e0 venir.<\/p>\n\n\n<div class=\"wp-block-image\">\n<figure class=\"aligncenter size-full\"><img loading=\"lazy\" decoding=\"async\" width=\"265\" height=\"124\" src=\"https:\/\/yvesportal.fr\/wp-content\/uploads\/2023\/01\/logo-MASERA-avec-baseline_petit.jpg\" alt=\"\" class=\"wp-image-206\"\/><\/figure><\/div>","protected":false},"excerpt":{"rendered":"<p>Nous nous sommes engag\u00e9s dans le r\u00e9f\u00e9rentiel MASE (Manuel d\u2019Am\u00e9lioration S\u00e9curit\u00e9 Entreprises) depuis 2016 afin de renforcer nos d\u00e9marches d\u00e9j\u00e0 en place en mati\u00e8re d\u2019Hygi\u00e8ne, de Sant\u00e9, de S\u00e9curit\u00e9 et d\u2019Environnement (HSSE) Cette certification est pour nous l\u2019occasion de valoriser les bonnes pratiques que nous mettons tous les jours en \u0153uvre sur nos chantiers. Des &hellip;<\/p>\n","protected":false},"author":1,"featured_media":0,"parent":0,"menu_order":0,"comment_status":"closed","ping_status":"closed","template":"","meta":{"footnotes":""},"class_list":["post-189","page","type-page","status-publish","hentry"],"_links":{"self":[{"href":"https:\/\/www.yves-portal.fr\/index.php\/wp-json\/wp\/v2\/pages\/189","targetHints":{"allow":["GET"]}}],"collection":[{"href":"https:\/\/www.yves-portal.fr\/index.php\/wp-json\/wp\/v2\/pages"}],"about":[{"href":"https:\/\/www.yves-portal.fr\/index.php\/wp-json\/wp\/v2\/types\/page"}],"author":[{"embeddable":true,"href":"https:\/\/www.yves-portal.fr\/index.php\/wp-json\/wp\/v2\/users\/1"}],"replies":[{"embeddable":true,"href":"https:\/\/www.yves-portal.fr\/index.php\/wp-json\/wp\/v2\/comments?post=189"}],"version-history":[{"count":5,"href":"https:\/\/www.yves-portal.fr\/index.php\/wp-json\/wp\/v2\/pages\/189\/revisions"}],"predecessor-version":[{"id":405,"href":"https:\/\/www.yves-portal.fr\/index.php\/wp-json\/wp\/v2\/pages\/189\/revisions\/405"}],"wp:attachment":[{"href":"https:\/\/www.yves-portal.fr\/index.php\/wp-json\/wp\/v2\/media?parent=189"}],"curies":[{"name":"wp","href":"https:\/\/api.w.org\/{rel}","templated":true}]}}