{"id":16,"date":"2021-08-02T12:26:42","date_gmt":"2021-08-02T12:26:42","guid":{"rendered":"http:\/\/test.yvesportal.fr\/?page_id=16"},"modified":"2025-01-03T13:05:03","modified_gmt":"2025-01-03T13:05:03","slug":"home","status":"publish","type":"page","link":"https:\/\/www.yves-portal.fr\/","title":{"rendered":"Pr\u00e9sentation de l\u2019entreprise"},"content":{"rendered":"\n<p class=\"has-text-align-center\"><strong><mark style=\"background-color:#ffffff\" class=\"has-inline-color has-black-color\"><img loading=\"lazy\" decoding=\"async\" width=\"150\" height=\"70\" class=\"wp-image-90\" style=\"width: 150px;\" src=\"https:\/\/yvesportal.fr\/wp-content\/uploads\/2021\/12\/Pelle.jpg\" alt=\"\" srcset=\"https:\/\/www.yves-portal.fr\/wp-content\/uploads\/2021\/12\/Pelle.jpg 816w, https:\/\/www.yves-portal.fr\/wp-content\/uploads\/2021\/12\/Pelle-300x139.jpg 300w, https:\/\/www.yves-portal.fr\/wp-content\/uploads\/2021\/12\/Pelle-768x357.jpg 768w\" sizes=\"auto, (max-width: 150px) 100vw, 150px\" \/><\/mark><\/strong><\/p>\n\n\n\n<p>Implant\u00e9e \u00e0 Saint Georges Lagricol depuis 1982, la SAS Yves Portal \u0153uvre dans les m\u00e9tiers des travaux publics en g\u00e9n\u00e9ral mais plus particuli\u00e8rement&nbsp;: terrassement divers, r\u00e9alisation de pistes foresti\u00e8res, travaux forestiers et exploitation de carri\u00e8res.<\/p>\n\n\n\n<p>Nos d\u00e9p\u00f4ts sont bas\u00e9s \u00e0 Saint Georges Lagricol, Craponne sur Arzon et Jullianges (43).<\/p>\n\n\n\n<p>Nos sites d\u2019exploitation de carri\u00e8res sont situ\u00e9s \u00e0&nbsp;: Mazeyrat d\u2019Allier (43), Marsac-en-Livradois (63) et Chaumont le Bourg (63)<\/p>\n\n\n\n<p>Notre secteur g\u00e9ographique d\u2019activit\u00e9 s\u2019\u00e9tend au niveau r\u00e9gional.<\/p>\n\n\n\n<p><\/p>\n\n\n\n<blockquote class=\"wp-block-quote is-layout-flow wp-block-quote-is-layout-flow\">\n<p><strong>Nous recherchons actuellement un m\u00e9canicien et des \u00e9lagueurs, contactez nous !<\/strong><\/p>\n<\/blockquote>\n\n\n\n<div class=\"wp-block-group\"><div class=\"wp-block-group__inner-container is-layout-constrained wp-block-group-is-layout-constrained\">\n<div class=\"open-user-map\">\n\n  \n  \n<div class=\"box-wrap map-size-default \">\n  \n  <div class=\"map-wrap\">\n    <div class=\"oum-loading-overlay\">\n      <div class=\"oum-loading-spinner\"><\/div>\n    <\/div>\n    <div id=\"map-20210929\" class=\"leaflet-map map-style_Esri.WorldImagery\"><\/div>\n    \n    \n    \n    \n    \n    \n    <script type=\"text\/javascript\" id=\"oum-inline-js\" \n      data-category=\"functional\" \n      class=\"cmplz-native\" \n      data-minify=\"0\"\n      data-no-optimize=\"1\"\n      data-no-defer=\"1\"\n      data-no-combine=\"1\"\n      data-cfasync=\"false\"\n      data-pagespeed-no-defer\n      data-boot=\"1\">\n      var map_el = `map-20210929`;\n\n      if(document.getElementById(map_el)) {\n        \/* Transfer PHP array to JS json *\/\n        var oum_all_locations = [{\"title\":\"Siege Social\/D\\u00e9p\\u00f4t\",\"lat\":\"45.299317774075\",\"lng\":\"3.8809150457382\",\"zoom\":\"16\",\"content\":\"\\u003Cdiv class=\\u0022oum_location_text\\u0022\\u003E\\u003Ch3 class=\\u0022oum_location_name\\u0022\\u003ESiege Social\/D\\u00e9p\\u00f4t\\u003C\/h3\\u003E\\u003Cdiv class=\\u0022oum_location_description\\u0022\\u003E\\u003C\/div\\u003E\\u003C\/div\\u003E\\u003Cdiv style=\\u0022display: none\\u0022\\u003Ecartev1\\u003C\/div\\u003E\",\"icon\":\"https:\/\/www.yves-portal.fr\/wp-content\/plugins\/open-user-map\/src\/leaflet\/images\/marker-icon_default-2x.png\",\"types\":[],\"post_id\":\"375\",\"address\":\"\",\"text\":\"\",\"image\":\"\",\"audio\":\"\",\"video\":\"\",\"custom_fields\":[]}];\n\n        \/\/ Wait for OUMLoader to be defined\n        function initializeMap() {\n          if (typeof OUMLoader !== 'undefined') {\n            \/\/ Initialize loader for this map\n            OUMLoader.initLoader(map_el);\n\n            \/\/ Add event listener for map initialization complete\n            document.addEventListener('oum:map_initialized', function(e) {\n              if (e.detail.mapId === map_el) {\n                OUMLoader.setMapInitialized(map_el);\n              }\n            });\n          } else {\n            \/\/ If OUMLoader is not yet defined, wait and try again\n            setTimeout(initializeMap, 100);\n          }\n        }\n\n        \/\/ Start initialization\n        initializeMap();\n\n        var mapStyle = `Esri.WorldImagery`;\n        var oum_tile_provider_mapbox_key = ``;\n        var marker_icon_url = `https:\/\/www.yves-portal.fr\/wp-content\/plugins\/open-user-map\/src\/leaflet\/images\/marker-icon_default-2x.png`;\n        var marker_shadow_url = `https:\/\/www.yves-portal.fr\/wp-content\/plugins\/open-user-map\/src\/leaflet\/images\/marker-shadow.png`;\n        var oum_enable_scrollwheel_zoom_map = false;\n        var oum_enable_cluster = true;\n        var oum_enable_fullscreen = false;\n\n        var oum_enable_searchbar = false;\n        var oum_searchbar_type = `address`;\n\n        var oum_geosearch_selected_provider = ``; \n        var oum_geosearch_provider = `osm`;\n        var oum_geosearch_provider_geoapify_key = ``;\n        var oum_geosearch_provider_here_key = ``;\n        var oum_geosearch_provider_mapbox_key = ``;\n        \n        var oum_enable_searchaddress_button = false;\n        var oum_searchaddress_label = `Search for address`;\n\n        var oum_enable_searchmarkers_button = false;\n        var oum_searchmarkers_label = `Find marker`;\n        var oum_searchmarkers_zoom = `8`;\n\n        var oum_enable_currentlocation = false;\n        var oum_action_after_submit = `text`;\n        var thankyou_redirect = ``;\n        var start_lat = Number(45.2991846184);\n        var start_lng = Number(3.880942793524);\n        var start_zoom = Number(17.5);\n        \n        var oum_enable_fixed_map_bounds = ``;\n        var oum_use_settings_start_location = true;\n        var oum_has_regions = false;\n        var oum_enable_multiple_marker_types = `false`;\n\n        var oum_location = {};\n        var oum_custom_css = '';\n        var oum_custom_script = '';\n        var oum_max_image_filesize = 10;\n        var oumMap;\n        var oumMap2;\n\n        \/**\n         * Conditional Field Feature\n         * \n         * @param {string} sourceField - The source field selector\n         * @param {string} targetField - The target field selector\n         * @param {array} condShow - The values that should show the target field\n         * @param {array} condHide - The values that should hide the target field\n         *\/\n        var oumConditionalField = (sourceField, targetField, condShow, condHide) => {\n            const sourceElements = document.querySelectorAll(sourceField); \/\/ Select all radios\/checkboxes or single select\n            const targetElementWrapper = document.querySelector(targetField)?.parentElement; \/* works with custom fields only *\/\n\n            \/\/ Check if both sourceElements and targetElementWrapper exist\n            if (!sourceElements.length) {\n                console.warn(`OUM: Source field(s) not found: ${sourceField}`);\n                return;\n            }\n\n            if (!targetElementWrapper) {\n                console.warn(`OUM: Target field wrapper not found: ${targetField}`);\n                return;\n            }\n\n            \/* Event listener for change *\/\n            const onChangeHandler = function() {\n                \/\/ Get selected values for checkboxes and single selected value for radios\/select\n                const selectedValues = Array.from(sourceElements)\n                    .filter(element => element.checked || element.tagName === 'SELECT')\n                    .map(element => element.value);\n\n                const selectedValue = selectedValues[0]; \/\/ For radios and selects, we use only the first (and only) value\n\n                console.log('OUM: run condition', {selectedValue, sourceField, targetField, condShow, condHide});\n                \n                \/\/ Show or hide target field based on the selected value(s)\n                if (condShow.includes(selectedValue)) {\n                    targetElementWrapper.style.display = 'block';\n                } else if (condHide.includes(selectedValue)) {\n                    targetElementWrapper.style.display = 'none';\n                }\n            };\n\n            \/* Attach the event listener to each radio\/checkbox or select *\/\n            sourceElements.forEach(element => {\n                element.addEventListener('change', onChangeHandler);\n            });\n\n            \/* Trigger initially *\/\n            onChangeHandler(); \/\/ Call it directly to set initial state\n        };\n\n        \/**\n         * Add Custom Styles\n         *\/\n        \n        \n          \/* custom color *\/\n          oum_custom_css += `\n            .open-user-map .add-location #close-add-location-overlay:hover {color: #e02aaf !important}\n            .open-user-map .box-wrap .map-wrap .oum-filter-controls .oum-filter-list .close-filter-list:hover {color: #e02aaf !important}\n            .open-user-map input.oum-switch[type=\"checkbox\"]:checked + label::before {background-color: #e02aaf !important}\n            .open-user-map .add-location .location-overlay-content #oum_add_location_thankyou h3 {color: #e02aaf !important}\n            .open-user-map .oum_location_text a {color: #e02aaf !important}\n            .open-user-map .oum-tabs {border-color: #e02aaf !important}\n            .open-user-map .oum-tabs .nav-item:hover {color: #e02aaf !important; border-color: #e02aaf !important}\n            .open-user-map .oum-tabs .nav-item.active {color: #e02aaf !important; border-color: #e02aaf !important}\n            .open-user-map .box-wrap .map-wrap .oum-attribution a {color: #e02aaf !important;}\n            \/* Message CTA Buttons *\/\n            .open-user-map .add-location .location-overlay-content #oum_add_location_thankyou button {background-color: #e02aaf !important; border-color: #e02aaf !important;}\n            .open-user-map .add-location .location-overlay-content .oum-delete-confirmation button {background-color: #e02aaf !important; border-color: #e02aaf !important;}\n            \/* Media Section Colors *\/\n            .open-user-map .add-location .location-overlay-content #oum_add_location .oum_media .media-upload label {color: #e02aaf !important}\n            .open-user-map .add-location .location-overlay-content #oum_add_location .oum_media .oum-image-upload .media-upload-top label .multi-upload-indicator {background: #e02aaf !important}\n            .open-user-map .add-location .location-overlay-content #oum_add_location .oum_media .oum-video-upload input[type=text]:hover {border-color: #e02aaf !important}\n            .open-user-map .add-location .location-overlay-content #oum_add_location .oum_media .oum-video-upload input[type=text]:focus {border-color: #e02aaf !important; box-shadow: 0 0 0 2px #e02aaf1a !important}\n            .open-user-map .add-location .location-overlay-content #oum_add_location .oum_media .image-preview-placeholder {border-color: #e02aaf !important; background: #e02aaf0a !important}\n            .open-user-map .add-location .location-overlay-content #oum_add_location .oum_media .oum-image-preview-grid .image-preview-item.dragging {border-color: #e02aaf !important}\n            \/* List Styles *\/\n            .open-user-map-locations-list .oum-locations-list-item .oum_location_text a {color: #e02aaf !important}`;\n\n        \n        \n          \/* custom map height *\/\n          oum_custom_css += `\n            .open-user-map .box-wrap > .map-wrap {padding: 0 !important; height: 512px !important; aspect-ratio: unset !important;}`;\n\n        \n        \n          \/* custom map height *\/\n          oum_custom_css += `\n            @media screen and (max-width: 768px) {.open-user-map .box-wrap > .map-wrap {padding: 0 !important; height: 512px !important; aspect-ratio: unset !important;}}`;\n\n        \n        var custom_style = document.createElement('style');\n\n        if (custom_style.styleSheet) {\n          custom_style.styleSheet.cssText = oum_custom_css;\n        } else {\n          custom_style.appendChild(document.createTextNode(oum_custom_css));\n        }\n\n        document.getElementsByTagName('head')[0].appendChild(custom_style);\n\n        \/* Add initial CSS to prevent flash of unstyled content *\/\n        var initialStyles = document.createElement('style');\n        initialStyles.textContent = `\n          .oum-hidden {\n            opacity: 0 !important;\n            visibility: hidden !important;\n            transition: opacity 0.3s ease, visibility 0.3s ease;\n          }\n          .oum-filter-controls,\n          .open-add-location-overlay,\n          #oum_filter_markers {\n            opacity: 0;\n            visibility: hidden;\n            transition: opacity 0.3s ease, visibility 0.3s ease;\n          }\n          .oum-filter-controls.visible,\n          .open-add-location-overlay.visible,\n          #oum_filter_markers.visible {\n            opacity: 1;\n            visibility: visible;\n          }\n        `;\n        document.head.appendChild(initialStyles);\n\n      }\n    <\/script>\n\n  <\/div>\n\n<\/div>\n\n<\/div><\/div><\/div>\n\n\n\n<p><\/p>\n","protected":false},"excerpt":{"rendered":"<p>Implant\u00e9e \u00e0 Saint Georges Lagricol depuis 1982, la SAS Yves Portal \u0153uvre dans les m\u00e9tiers des travaux publics en g\u00e9n\u00e9ral mais plus particuli\u00e8rement&nbsp;: terrassement divers, r\u00e9alisation de pistes foresti\u00e8res, travaux forestiers et exploitation de carri\u00e8res. Nos d\u00e9p\u00f4ts sont bas\u00e9s \u00e0 Saint Georges Lagricol, Craponne sur Arzon et Jullianges (43). Nos sites d\u2019exploitation de carri\u00e8res sont &hellip;<\/p>\n","protected":false},"author":1,"featured_media":0,"parent":0,"menu_order":0,"comment_status":"closed","ping_status":"closed","template":"","meta":{"footnotes":""},"class_list":["post-16","page","type-page","status-publish","hentry"],"_links":{"self":[{"href":"https:\/\/www.yves-portal.fr\/index.php\/wp-json\/wp\/v2\/pages\/16","targetHints":{"allow":["GET"]}}],"collection":[{"href":"https:\/\/www.yves-portal.fr\/index.php\/wp-json\/wp\/v2\/pages"}],"about":[{"href":"https:\/\/www.yves-portal.fr\/index.php\/wp-json\/wp\/v2\/types\/page"}],"author":[{"embeddable":true,"href":"https:\/\/www.yves-portal.fr\/index.php\/wp-json\/wp\/v2\/users\/1"}],"replies":[{"embeddable":true,"href":"https:\/\/www.yves-portal.fr\/index.php\/wp-json\/wp\/v2\/comments?post=16"}],"version-history":[{"count":50,"href":"https:\/\/www.yves-portal.fr\/index.php\/wp-json\/wp\/v2\/pages\/16\/revisions"}],"predecessor-version":[{"id":393,"href":"https:\/\/www.yves-portal.fr\/index.php\/wp-json\/wp\/v2\/pages\/16\/revisions\/393"}],"wp:attachment":[{"href":"https:\/\/www.yves-portal.fr\/index.php\/wp-json\/wp\/v2\/media?parent=16"}],"curies":[{"name":"wp","href":"https:\/\/api.w.org\/{rel}","templated":true}]}}