{"id":132,"date":"2022-10-11T06:49:49","date_gmt":"2022-10-11T06:49:49","guid":{"rendered":"https:\/\/yvesportal.fr\/?page_id=132"},"modified":"2023-09-14T14:51:17","modified_gmt":"2023-09-14T14:51:17","slug":"nos-valeurs","status":"publish","type":"page","link":"https:\/\/www.yves-portal.fr\/index.php\/nos-valeurs\/","title":{"rendered":"Nos Valeurs"},"content":{"rendered":"\n<h2 class=\"wp-block-heading\">Nos Valeurs<\/h2>\n\n\n\n<figure class=\"wp-block-image size-large is-resized\"><img loading=\"lazy\" decoding=\"async\" src=\"https:\/\/www.yves-portal.fr\/wp-content\/uploads\/2023\/06\/valeursx3-1024x429.jpg\" alt=\"\" class=\"wp-image-247\" width=\"982\" height=\"411\" srcset=\"https:\/\/www.yves-portal.fr\/wp-content\/uploads\/2023\/06\/valeursx3-1024x429.jpg 1024w, https:\/\/www.yves-portal.fr\/wp-content\/uploads\/2023\/06\/valeursx3-300x126.jpg 300w, https:\/\/www.yves-portal.fr\/wp-content\/uploads\/2023\/06\/valeursx3-768x322.jpg 768w, https:\/\/www.yves-portal.fr\/wp-content\/uploads\/2023\/06\/valeursx3.jpg 1043w\" sizes=\"auto, (max-width: 982px) 100vw, 982px\" \/><\/figure>\n\n\n\n<p>Notre entreprise partage les valeurs de la diversit\u00e9 qui contribue \u00e0 suivre une d\u00e9marche respectueuse des diff\u00e9rences entre toutes les parties prenantes. &nbsp;<\/p>\n\n\n\n<p>Chez nous, pas de discrimination, pas de sexisme, une entreprise familiale avec des principes de vie fondamentaux\u00a0!<\/p>\n","protected":false},"excerpt":{"rendered":"<p>Nos Valeurs Notre entreprise partage les valeurs de la diversit\u00e9 qui contribue \u00e0 suivre une d\u00e9marche respectueuse des diff\u00e9rences entre toutes les parties prenantes. &nbsp; Chez nous, pas de discrimination, pas de sexisme, une entreprise familiale avec des principes de vie fondamentaux\u00a0!<\/p>\n","protected":false},"author":1,"featured_media":0,"parent":0,"menu_order":0,"comment_status":"closed","ping_status":"closed","template":"","meta":{"footnotes":""},"class_list":["post-132","page","type-page","status-publish","hentry"],"_links":{"self":[{"href":"https:\/\/www.yves-portal.fr\/index.php\/wp-json\/wp\/v2\/pages\/132","targetHints":{"allow":["GET"]}}],"collection":[{"href":"https:\/\/www.yves-portal.fr\/index.php\/wp-json\/wp\/v2\/pages"}],"about":[{"href":"https:\/\/www.yves-portal.fr\/index.php\/wp-json\/wp\/v2\/types\/page"}],"author":[{"embeddable":true,"href":"https:\/\/www.yves-portal.fr\/index.php\/wp-json\/wp\/v2\/users\/1"}],"replies":[{"embeddable":true,"href":"https:\/\/www.yves-portal.fr\/index.php\/wp-json\/wp\/v2\/comments?post=132"}],"version-history":[{"count":8,"href":"https:\/\/www.yves-portal.fr\/index.php\/wp-json\/wp\/v2\/pages\/132\/revisions"}],"predecessor-version":[{"id":288,"href":"https:\/\/www.yves-portal.fr\/index.php\/wp-json\/wp\/v2\/pages\/132\/revisions\/288"}],"wp:attachment":[{"href":"https:\/\/www.yves-portal.fr\/index.php\/wp-json\/wp\/v2\/media?parent=132"}],"curies":[{"name":"wp","href":"https:\/\/api.w.org\/{rel}","templated":true}]}}